{"id":2351,"date":"2021-03-08T16:43:00","date_gmt":"2021-03-08T16:43:00","guid":{"rendered":"https:\/\/avadawebsites.wpengine.com\/retail\/?post_type=product&#038;p=2351"},"modified":"2025-06-20T08:02:24","modified_gmt":"2025-06-20T08:02:24","slug":"pure-silver-ring-the-prajana-wisdom-eye","status":"publish","type":"product","link":"https:\/\/silverygood.com\/es\/producto\/pure-silver-ring-the-prajana-wisdom-eye\/","title":{"rendered":"Anillo de plata pura - El Ojo de la Sabidur\u00eda Prajana"},"content":{"rendered":"<p><strong>Marca:<\/strong>\u00a0Jiang Yang<\/p>\n<p><strong>Nombre:<\/strong>\u00a0Anillo de plata fina - El Ojo de la Sabidur\u00eda Prajana<\/p>\n<p><strong>Dise\u00f1o:<\/strong>\u00a0Estudio Jiang Yang<\/p>\n<p><strong>Pureza:<\/strong>\u00a0Plata pura .990<\/p>\n<p><strong>Peso:<\/strong>\u00a0unos 4,5 g<\/p>\n<p><strong>Tama\u00f1o:<\/strong>\u00a0unos 3~7 mm de anchura y 1 mm de grosor<\/p>\n<p><strong>Artesan\u00eda\uff1a<\/strong>Tallado a mano, martillado, oxidado para efecto antiguo, micropulido<\/p>\n<p>\u3010El tama\u00f1o y el peso pueden variar ligeramente ya que est\u00e1 hecho a mano; anillo ajustable para mujer\u3011.<\/p>\n<p>&nbsp;<\/p>\n<p>El Ojo de la Sabidur\u00eda Prajana puede purificar toda ignorancia, enga\u00f1o, oscuridad, puntos de vista err\u00f3neos y ver la verdadera naturaleza de la vida mundana. El Ojo Prajana es el ojo de la sabidur\u00eda. Aquellos que tengan la afinidad de ver este ojo del dharma plantar\u00e1n la semilla de la liberaci\u00f3n del ciclo de nacimiento y muerte vida tras vida. Por lo tanto, las escrituras est\u00e1n grabadas en plata, protegiendo su vida de felicidad, alegr\u00eda y bienestar.<\/p>\n<p><img decoding=\"async\" class=\"lazyload alignnone size-full wp-image-4671\" src=\"http:\/\/silverygood.com\/wp-content\/uploads\/2021\/03\/The-Prajana-Wisdom-Eye-silver-ring-02-1.jpg\" data-orig-src=\"http:\/\/silverygood.com\/wp-content\/uploads\/2021\/03\/The-Prajana-Wisdom-Eye-silver-ring-02-1.jpg\" alt=\"\" width=\"1200\" height=\"790\" srcset=\"data:image\/svg+xml,%3Csvg%20xmlns%3D%27http%3A%2F%2Fwww.w3.org%2F2000%2Fsvg%27%20width%3D%271200%27%20height%3D%27790%27%20viewBox%3D%270%200%201200%20790%27%3E%3Crect%20width%3D%271200%27%20height%3D%27790%27%20fill-opacity%3D%220%22%2F%3E%3C%2Fsvg%3E\" data-srcset=\"https:\/\/silverygood.com\/wp-content\/uploads\/2021\/03\/The-Prajana-Wisdom-Eye-silver-ring-02-1-200x132.jpg 200w, https:\/\/silverygood.com\/wp-content\/uploads\/2021\/03\/The-Prajana-Wisdom-Eye-silver-ring-02-1-300x198.jpg 300w, https:\/\/silverygood.com\/wp-content\/uploads\/2021\/03\/The-Prajana-Wisdom-Eye-silver-ring-02-1-400x263.jpg 400w, https:\/\/silverygood.com\/wp-content\/uploads\/2021\/03\/The-Prajana-Wisdom-Eye-silver-ring-02-1-600x395.jpg 600w, https:\/\/silverygood.com\/wp-content\/uploads\/2021\/03\/The-Prajana-Wisdom-Eye-silver-ring-02-1-768x506.jpg 768w, https:\/\/silverygood.com\/wp-content\/uploads\/2021\/03\/The-Prajana-Wisdom-Eye-silver-ring-02-1-800x527.jpg 800w, https:\/\/silverygood.com\/wp-content\/uploads\/2021\/03\/The-Prajana-Wisdom-Eye-silver-ring-02-1-1024x674.jpg 1024w, https:\/\/silverygood.com\/wp-content\/uploads\/2021\/03\/The-Prajana-Wisdom-Eye-silver-ring-02-1.jpg 1200w\" data-sizes=\"auto\" data-orig-sizes=\"(max-width: 1200px) 100vw, 1200px\" \/><\/p>","protected":false},"excerpt":{"rendered":"<p>Brand:\u00a0Jiang Yang Name:\u00a0Fine silver ring &#8211; The Prajana Wisdom Eye  [&#8230;]<\/p>\n","protected":false},"featured_media":4661,"comment_status":"open","ping_status":"closed","template":"","meta":[],"product_brand":[],"product_cat":[38],"product_tag":[],"class_list":{"0":"post-2351","1":"product","2":"type-product","3":"status-publish","4":"has-post-thumbnail","6":"product_cat-rings","8":"first","9":"instock","10":"shipping-taxable","11":"purchasable","12":"product-type-simple"},"_links":{"self":[{"href":"https:\/\/silverygood.com\/es\/wp-json\/wp\/v2\/product\/2351","targetHints":{"allow":["GET"]}}],"collection":[{"href":"https:\/\/silverygood.com\/es\/wp-json\/wp\/v2\/product"}],"about":[{"href":"https:\/\/silverygood.com\/es\/wp-json\/wp\/v2\/types\/product"}],"replies":[{"embeddable":true,"href":"https:\/\/silverygood.com\/es\/wp-json\/wp\/v2\/comments?post=2351"}],"wp:featuredmedia":[{"embeddable":true,"href":"https:\/\/silverygood.com\/es\/wp-json\/wp\/v2\/media\/4661"}],"wp:attachment":[{"href":"https:\/\/silverygood.com\/es\/wp-json\/wp\/v2\/media?parent=2351"}],"wp:term":[{"taxonomy":"product_brand","embeddable":true,"href":"https:\/\/silverygood.com\/es\/wp-json\/wp\/v2\/product_brand?post=2351"},{"taxonomy":"product_cat","embeddable":true,"href":"https:\/\/silverygood.com\/es\/wp-json\/wp\/v2\/product_cat?post=2351"},{"taxonomy":"product_tag","embeddable":true,"href":"https:\/\/silverygood.com\/es\/wp-json\/wp\/v2\/product_tag?post=2351"}],"curies":[{"name":"wp","href":"https:\/\/api.w.org\/{rel}","templated":true}]}}